{"id":4,"date":"2022-12-06T09:31:32","date_gmt":"2022-12-06T08:31:32","guid":{"rendered":"https:\/\/jednostki.uksw.edu.pl\/cgs\/?page_id=4"},"modified":"2025-02-03T19:44:55","modified_gmt":"2025-02-03T18:44:55","slug":"strona-glowna","status":"publish","type":"page","link":"https:\/\/jednostki.uksw.edu.pl\/polishwnh\/","title":{"rendered":"Strona g\u0142\u00f3wna"},"content":{"rendered":"\n<div class=\"banner\">\n<div class=\"banner_bg\">\n<div class=\"container\">\n\n            <div id=\"carouselExampleIndicators\" class=\"carousel carousel-fade\" data-interval=\"3000\" data-bs-ride=\"carousel\">\n                \n                \n\n                   <div class=\"row\">\n                        <div class=\"col-xl-11 col-lg-11 col-md-12 col-sm-12\">\n\n                        <div class=\"carousel-inner\">\n\n                                                                               \n                            \n                           \n                            \n                                \n                                <div class=\"carousel-item  active \">\n                                       <div class=\"row\">\n                                            <div class=\"col-xxl-7 col-xl-6 col-lg-6 col-md-12 col-sm-12\">\n                                                <div class=\"banner_text\">\n                                                   \n\n                                                    <h1 class=\"slide_no_mobile\">Szko\u0142a J\u0119zyka i Kultury Polskiej dla Cudzoziemc\u00f3w <\/h1>\n                                                    \n                                                    <h1 class=\"slide_no_desk\">Szko\u0142a J\u0119zyka i Kultury Polskiej&#8230;<\/h1>\n\n                                                    <div class=\"banner_text1\">Uniwersytet Kardyna\u0142a Stefana Wyszy\u0144skiego w\u00a0Warszawie\r\n\r\nWydzia\u0142 Nauk Humanistycznych<\/div>\n                                                                                                        <a href=\"https:\/\/certyfikatpolski.pl\/\" class=\"banner_btn\" > Certyfikat polski <img decoding=\"async\" src=\"https:\/\/jednostki.uksw.edu.pl\/polishwnh\/wp-content\/themes\/uksw\/images\/banner_arrow.svg\" alt=\"\"> <\/a>\n                                                                                                       \n\n                                                <\/div>\n                                            <\/div>\n                                            <div class=\"col-xxl-5 col-xl-6 col-lg-6 col-md-12 col-sm-12\">\n                                                <div class=\"banner_img\">\n                                                    <div class=\"banner_img_all\">\n                                                             \n                                                                                                      \n                                                    <img decoding=\"async\" src=\"https:\/\/jednostki.uksw.edu.pl\/polishwnh\/wp-content\/uploads\/sites\/57\/2025\/01\/NAWA-PJP-logo-z-makami-20lat.png\" alt=\"\" class=\"img_all\">\n                                                    \n\n                                                    <\/div>\n                                                <\/div>\n                                            <\/div>\n                                        <\/div>\n                                <\/div>\n                               \n\n                                \n                                    \n                                <\/div>\n                        <\/div>\n                        <div class=\"col-xxl-1 col-xl-1 col-lg-1 col-md-12 col-sm-12 sm_ban\">\n\n                            <div class=\"banner_right\">\n                                                        \r\n                         \r\n                                                    <p>\r\n                       <a href=\"https:\/\/www.instagram.com\/uksw_uniwersytet\/\"  target=\"_blank\"><img decoding=\"async\" src=\"https:\/\/jednostki.uksw.edu.pl\/polishwnh\/wp-content\/uploads\/sites\/57\/2022\/12\/instagram-11.svg\" alt=\"\"> <span class=\"sr-only\">Profil UKSW <span lang=\"en\">Instagram<\/span><\/span><\/a>\r\n                            <\/p>\r\n                                                    <p>\r\n                       <a href=\"https:\/\/www.facebook.com\/UniwersytetKardynalaStefanaWyszynskiego\"  target=\"_blank\"><img decoding=\"async\" src=\"https:\/\/jednostki.uksw.edu.pl\/polishwnh\/wp-content\/uploads\/sites\/57\/2022\/12\/facebook-11.svg\" alt=\"\"> <span class=\"sr-only\">Profil UKSW <span lang=\"en\">Facebook<\/span><\/span><\/a>\r\n                            <\/p>\r\n                                                    <p>\r\n                       <a href=\"https:\/\/twitter.com\/UKSW_Warszawa\"  target=\"_blank\"><img decoding=\"async\" src=\"https:\/\/jednostki.uksw.edu.pl\/polishwnh\/wp-content\/uploads\/sites\/57\/2022\/12\/twitter-11.svg\" alt=\"\"> <span class=\"sr-only\">Profil UKSW <span lang=\"en\">Twitter<\/span><\/span><\/a>\r\n                            <\/p>\r\n                                                    <p>\r\n                       <a href=\"https:\/\/www.linkedin.com\/school\/uniwersytet-kardyna%C5%82a-stefana-wyszy%C5%84skiego-w-warszawie\/\"  target=\"_blank\"><img decoding=\"async\" src=\"https:\/\/jednostki.uksw.edu.pl\/polishwnh\/wp-content\/uploads\/sites\/57\/2022\/12\/linkedin-11.svg\" alt=\"\"> <span class=\"sr-only\">Profil UKSW <span lang=\"en\">Linkedin<\/span><\/span><\/a>\r\n                            <\/p>\r\n                                                    <p>\r\n                       <a href=\"https:\/\/www.youtube.com\/channel\/UCEGzRv_HAOef2F54RqKKShA\"  target=\"_blank\"><img decoding=\"async\" src=\"https:\/\/jednostki.uksw.edu.pl\/polishwnh\/wp-content\/uploads\/sites\/57\/2022\/12\/youtube-11.svg\" alt=\"\"> <span class=\"sr-only\">UKSW <span lang=\"en\">YouTube<\/span><\/span><\/a>\r\n                            <\/p>\r\n                                                    <p>\r\n                       <a href=\"https:\/\/open.spotify.com\/playlist\/4VBxQBcXqXkKjRCVbqpbmX?si=305dc710bf68408b&#038;nd=1\"  target=\"_blank\"><img decoding=\"async\" src=\"https:\/\/jednostki.uksw.edu.pl\/polishwnh\/wp-content\/uploads\/sites\/57\/2022\/12\/spotify-11.svg\" alt=\"\"> <span class=\"sr-only\">UKSW <span lang=\"en\">Spotify<\/span><\/span><\/a>\r\n                            <\/p>\r\n                                                    <p>\r\n                       <a href=\"https:\/\/www.tiktok.com\/@uksw_uniwersytet\"  target=\"_blank\"><img decoding=\"async\" src=\"https:\/\/jednostki.uksw.edu.pl\/polishwnh\/wp-content\/uploads\/sites\/57\/2022\/12\/tik-tok-11.svg\" alt=\"\"> <span class=\"sr-only\">UKSW TikTok<\/span><\/a>\r\n                            <\/p>\r\n                        \r\n\r\n                             <\/div>\n\n                        <\/div>\n                    <\/div>\n\n                    <div class=\"row\">\n                        <div class=\"col-xl-11 col-lg-11 col-md-12 col-sm-12\">\n                            <div class=\"row\">\n                                 <div class=\"col-xxl-6 col-xl-6 col-lg-6 col-md-12 col-sm-12\">\n\n        \n                                <div class=\"banner_search_btn\">\n                            \n                            <a href=\"https:\/\/uksw.edu.pl\/\" class=\"news_tags\">Strona g\u0142\u00f3wna UKSW<\/a> \n                            \n                            <a href=\"https:\/\/wnh.uksw.edu.pl\/\" class=\"news_tags\">Wydzia\u0142 Nauk Humanistycznych<\/a> \n                                                    <div class=\"clr\"><\/div>\n                        <\/div>\n                     \n        \n                                 <\/div>\n                                 <div class=\"col-xxl-6 col-xl-6 col-lg-6 col-md-12 col-sm-12 ban_slide\">\n                              \n                                 <\/div>\n                            <\/div>\n                           \n                        <\/div>\n                        <div class=\"col-xxl-1 col-xl-1 col-lg-1 col-md-12 col-sm-12 sm_ban\">\n                                                <\/div>\n                       \n                    <\/div>\n                \n            <\/div>\n\n\n<\/div>\n<\/div>\n<\/div> \n\n \n\n\n\n\n<div class=\"modal fade\" id=\"ybanner-block_1404109ba5643543594c805c360fdc5b\" tabindex=\"-1\"  aria-hidden=\"true\">\n  <div class=\"modal-dialog\">\n    <div class=\"modal-content\">\n          <div class=\"modal-header\">\n        <button type=\"button\" class=\"btn-close\" id=\"youtube\" data-bs-dismiss=\"modal\" aria-label=\"Close\"><\/button>\n      <\/div>\n      <div class=\"modal-body\">\n      <iframe tabindex=\"0\" title=\"Film o archiwach pa\u0144stwowych\" style=\"width:100%; height:650px\" class=\"miheight img_all\" src=\"https:\/\/www.youtube.com\/embed\/?autoplay=1\" allow=\"accelerometer; clipboard-write; encrypted-media; gyroscope; picture-in-picture\" allowfullscreen><\/iframe>\n\n      <\/div>\n     \n    <\/div>\n  <\/div>\n<\/div>\n<script type=\"text\/javascript\">\n$(document).ready(function() {\n\n    document.addEventListener('keyup', function(event) {\n    if (event.keyCode === 27) {\/\/Escape key\n\n        $(\"#ybanner-block_1404109ba5643543594c805c360fdc5b\").modal('hide');\n        $(\"#ybanner-block_1404109ba5643543594c805c360fdc5b iframe\").attr(\"src\", \"\"); \n\n        document.getElementsByClassName('btn-close').click();\n    }\n});\n\n     \n  $('#youtube').on('click', function (e) {\n     \/\/ a poor man's stop video\n    \n     $(\"#ybanner-block_1404109ba5643543594c805c360fdc5b iframe\").attr(\"src\", \"\"); \n}) \n\n$('#ybutton').on('click', function (e) {\nvar vid=$(this).attr(\"data-bs-url\");\n     $(\"#ybanner-block_1404109ba5643543594c805c360fdc5b iframe\").attr(\"src\", \"https:\/\/www.youtube.com\/embed\/\" + vid + \"?autoplay=1\"); \n}) \n\n});\n\n$(\".modal\").click(function (e) {\n    setTimeout(function(){\n        if (!$('body').hasClass('modal-open')) {\n            $(\"#ybanner-block_1404109ba5643543594c805c360fdc5b iframe\").attr(\"src\", \"\");\n        }\n    },1000);\n});\n\n<\/script>\n\n<div class=\"\">\n\n        <div class=\"news_sec\">\n                <div class=\"container\"> \n                        <div class=\"row\">\n                                <div class=\"col-xl-10 col-lg-10 col-md-9 col-sm-12\">\n                                        <div class=\"heading_bg\">\n                                        <h2>Aktualno\u015bci<\/h2>\n                                        <\/div>\n                                <\/div>\n                                <div class=\"col-xl-2 col-lg-2 col-md-3 col-sm-12\">\n                                                                    <\/div>\n                        <\/div>\n\n\n                        <div class=\"news\">\n                        \n                                <button class=\"news_arrow_left\" title=\"Poprzedni slajd\" > <img decoding=\"async\" src=\"https:\/\/jednostki.uksw.edu.pl\/polishwnh\/wp-content\/themes\/uksw\/images\/grey_arrow.svg\" class=\"am-prev pointer\"  alt=\"\"><\/button>\n\n\n                                    <div class=\"owl-carousel owl-2\">\n\n                                                                              <a href=\"https:\/\/jednostki.uksw.edu.pl\/polishwnh\/?post_type=post&#038;p=3347\">\n                                            <div class=\"media-29101\">\n                                                    <div class=\"image_container\">\n                                                        <img decoding=\"async\" src=\"https:\/\/jednostki.uksw.edu.pl\/polishwnh\/wp-content\/themes\/uksw\/images\/news_nophoto.png\" alt=\"\"  class=\"image\">\n                                                        <div class=\"overlay\">\n                                                            <div class=\"text\">\n                                                                    <div class=\"text1\">WEEKENDOWY KURS PRZYGOTOWUJ\u0104CY ON-LINE DO EGZAMINU CERTYFIKATOWEGO&#8230;<\/div>\n                                                                    <div class=\"text2\"> Kiedy? Dwa weekendy: 19-20.10.2024 r. oraz 26-27.10.2024 r. w godz. 09:00 \u2013&#8230;<\/div>\n                                                            <\/div>\n                                                        <\/div>\n                                                    <\/div>\n                                            <\/div>\n                                        <\/a>\n\n                                        \n                                    <\/div>\n                                \n                                \n                            \n                                <button class=\"news_arrow_right\" title=\"Nast\u0119pny slajd\" tabindex=\"0\"> <img decoding=\"async\" src=\"https:\/\/jednostki.uksw.edu.pl\/polishwnh\/wp-content\/themes\/uksw\/images\/blue_arrow.svg\" class=\"pointer\"  alt=\"\"><\/button>\n                            \n                        <\/div>\n\n\n                <\/div>\n        <\/div>\n<\/div>\n\n\n\n\n<div style=\"height:100px\" aria-hidden=\"true\" class=\"wp-block-spacer\"><\/div>\n","protected":false},"excerpt":{"rendered":"","protected":false},"author":1,"featured_media":0,"parent":0,"menu_order":0,"comment_status":"closed","ping_status":"closed","template":"page-templates\/template-home-page.php","meta":{"_acf_changed":false,"inline_featured_image":false,"footnotes":"","_links_to":"","_links_to_target":""},"class_list":["post-4","page","type-page","status-publish","hentry"],"acf":[],"_links":{"self":[{"href":"https:\/\/jednostki.uksw.edu.pl\/polishwnh\/wp-json\/wp\/v2\/pages\/4","targetHints":{"allow":["GET"]}}],"collection":[{"href":"https:\/\/jednostki.uksw.edu.pl\/polishwnh\/wp-json\/wp\/v2\/pages"}],"about":[{"href":"https:\/\/jednostki.uksw.edu.pl\/polishwnh\/wp-json\/wp\/v2\/types\/page"}],"author":[{"embeddable":true,"href":"https:\/\/jednostki.uksw.edu.pl\/polishwnh\/wp-json\/wp\/v2\/users\/1"}],"replies":[{"embeddable":true,"href":"https:\/\/jednostki.uksw.edu.pl\/polishwnh\/wp-json\/wp\/v2\/comments?post=4"}],"version-history":[{"count":89,"href":"https:\/\/jednostki.uksw.edu.pl\/polishwnh\/wp-json\/wp\/v2\/pages\/4\/revisions"}],"predecessor-version":[{"id":3351,"href":"https:\/\/jednostki.uksw.edu.pl\/polishwnh\/wp-json\/wp\/v2\/pages\/4\/revisions\/3351"}],"wp:attachment":[{"href":"https:\/\/jednostki.uksw.edu.pl\/polishwnh\/wp-json\/wp\/v2\/media?parent=4"}],"curies":[{"name":"wp","href":"https:\/\/api.w.org\/{rel}","templated":true}]}}