{"id":3260,"date":"2024-07-25T14:09:18","date_gmt":"2024-07-25T12:09:18","guid":{"rendered":"https:\/\/jednostki.uksw.edu.pl\/polishwnh\/?page_id=3260"},"modified":"2025-02-06T10:07:01","modified_gmt":"2025-02-06T09:07:01","slug":"kontakt","status":"publish","type":"page","link":"https:\/\/jednostki.uksw.edu.pl\/polishwnh\/kontakt\/","title":{"rendered":"Kontakt"},"content":{"rendered":"\n<p><strong>Szko\u0142a J\u0119zyka i Kultury Polskiej dla Cudzoziemc\u00f3w<\/strong><\/p>\n\n\n\n<p><strong>Wydzia\u0142 Nauk Humanistycznych<\/strong><\/p>\n\n\n\n<p><strong>Uniwersytet Kardyna\u0142a Stefana Wyszy\u0144skiego w Warszawie<\/strong><\/p>\n\n\n\n<p>mgr Karolina Matuszewska<\/p>\n\n\n\n<p>specjalista ds. administracyjnych&nbsp;<\/p>\n\n\n\n<p><strong>Adres:<\/strong>&nbsp;ul. Dewajtis 5, sala 310, 01-815 Warszawa<\/p>\n\n\n\n<p><strong>Telefon:<\/strong>&nbsp;tel. + 48 22-561-88-79 wew. 279<\/p>\n\n\n\n<p><strong>E-mail:&nbsp;<\/strong><a href=\"mailto:polish.wnh@uksw.edu.pl\" target=\"_blank\" rel=\"noreferrer noopener\">polish.wnh@uksw.edu.pl<\/a><\/p>\n\n\n\n<p><\/p>\n\n\n\n<p><strong>p. o. Szko\u0142y J\u0119zyka i Kultury Polskiej dla Cudzoziemc\u00f3w<\/strong><\/p>\n\n\n\n<p>dr Vira Neszew<\/p>\n\n\n\n<p><strong>E-mail:<\/strong>\u00a0<a href=\"mailto:v.neszew@uksw.edu.pl\">v.neszew@uksw.edu.pl<\/a><\/p>\n","protected":false},"excerpt":{"rendered":"<p>Szko\u0142a J\u0119zyka i Kultury Polskiej dla Cudzoziemc\u00f3w Wydzia\u0142 Nauk Humanistycznych Uniwersytet Kardyna\u0142a Stefana Wyszy\u0144skiego w Warszawie mgr Karolina Matuszewska specjalista ds. administracyjnych&nbsp; Adres:&nbsp;ul. Dewajtis 5, sala 310, 01-815 Warszawa Telefon:&nbsp;tel. + 48 22-561-88-79 wew. 279 E-mail:&nbsp;polish.wnh@uksw.edu.pl p. o. Szko\u0142y J\u0119zyka i Kultury Polskiej dla Cudzoziemc\u00f3w dr Vira Neszew E-mail:\u00a0v.neszew@uksw.edu.pl<\/p>\n","protected":false},"author":3,"featured_media":0,"parent":0,"menu_order":0,"comment_status":"closed","ping_status":"closed","template":"page-templates\/template-sub-page.php","meta":{"_acf_changed":false,"inline_featured_image":false,"footnotes":"","_links_to":"","_links_to_target":""},"class_list":["post-3260","page","type-page","status-publish","hentry"],"acf":[],"_links":{"self":[{"href":"https:\/\/jednostki.uksw.edu.pl\/polishwnh\/wp-json\/wp\/v2\/pages\/3260","targetHints":{"allow":["GET"]}}],"collection":[{"href":"https:\/\/jednostki.uksw.edu.pl\/polishwnh\/wp-json\/wp\/v2\/pages"}],"about":[{"href":"https:\/\/jednostki.uksw.edu.pl\/polishwnh\/wp-json\/wp\/v2\/types\/page"}],"author":[{"embeddable":true,"href":"https:\/\/jednostki.uksw.edu.pl\/polishwnh\/wp-json\/wp\/v2\/users\/3"}],"replies":[{"embeddable":true,"href":"https:\/\/jednostki.uksw.edu.pl\/polishwnh\/wp-json\/wp\/v2\/comments?post=3260"}],"version-history":[{"count":3,"href":"https:\/\/jednostki.uksw.edu.pl\/polishwnh\/wp-json\/wp\/v2\/pages\/3260\/revisions"}],"predecessor-version":[{"id":3353,"href":"https:\/\/jednostki.uksw.edu.pl\/polishwnh\/wp-json\/wp\/v2\/pages\/3260\/revisions\/3353"}],"wp:attachment":[{"href":"https:\/\/jednostki.uksw.edu.pl\/polishwnh\/wp-json\/wp\/v2\/media?parent=3260"}],"curies":[{"name":"wp","href":"https:\/\/api.w.org\/{rel}","templated":true}]}}