{"id":3248,"date":"2024-07-25T14:08:20","date_gmt":"2024-07-25T12:08:20","guid":{"rendered":"https:\/\/jednostki.uksw.edu.pl\/polishwnh\/?page_id=3248"},"modified":"2025-01-30T19:22:44","modified_gmt":"2025-01-30T18:22:44","slug":"https-jednostki-uksw-edu-pl-polishwnh-certyfikat-polski-3","status":"publish","type":"page","link":"https:\/\/jednostki.uksw.edu.pl\/polishwnh\/certyfikat-polski\/https-jednostki-uksw-edu-pl-polishwnh-certyfikat-polski-3\/","title":{"rendered":"Regulamin"},"content":{"rendered":"\n<p><\/p>\n\n\n\n<h1 class=\"wp-block-heading\">Regulamin pa\u0144stwowego egzaminu z j\u0119zyka polskiego jako obcego na UKSW w Warszawie<\/h1>\n\n\n\n<p><em>Zarz\u0105dzenie numer 8\/ 2021 Dziekana Wydzia\u0142u Nauk Humanistycznych UKSW z dnia 21.10.2021 roku<\/em> <em>w sprawie ustalenia Regulaminu przeprowadzania pa\u0144stwowego egzaminu z j\u0119zyka polskiego jako j\u0119zyka obcego przez Zak\u0142ad Szko\u0142a J\u0119zyka i Kultury Polskiej dla Cudzoziemc\u00f3w na Wydziale Nauk Humanistycznych UKSW w Warszawie<\/em>.<\/p>\n\n\n\n<p>\u00a7 1 Osoby zapisane na zaj\u0119cia w formie kursu przygotowuj\u0105cego do certyfikowanego egzaminu z j\u0119zyka polskiego jako obcego bior\u0105 udzia\u0142 w kursie online, kt\u00f3ry prowadzony jest w wymiarze 8 godzin dydaktycznych.<\/p>\n\n\n\n<p>\u00a7 2 Sposobem weryfikacji efekt\u00f3w uczenia si\u0119, osi\u0105ganych w wyniku uczestniczenia w zaj\u0119ciach, o kt\u00f3rych mowa w \u00a7 1, jest ocena aktywno\u015bci w czasie zaj\u0119\u0107. Do zaliczenia zaj\u0119\u0107 wymagana jest obecno\u015b\u0107 na przynajmniej po\u0142owie zaj\u0119\u0107. Zaliczenie zaj\u0119\u0107 nie jest koniecznym warunkiem przyj\u0119cia na egzamin certyfikatowy prowadzony na WNH UKSW.<\/p>\n\n\n\n<p><strong>\u00a7 3 Og\u00f3lne zasady przeprowadzania egzaminu:<\/strong><\/p>\n\n\n\n<p>1) organizatorem egzamin\u00f3w certyfikatowych, prowadzonych w Uniwersytecie Kardyna\u0142a Stefana Wyszy\u0144skiego w Warszawie, jest Zak\u0142ad Szko\u0142a J\u0119zyka i Kultury Polskiej dla Cudzoziemc\u00f3w na Wydziale Nauk Humanistycznych (dalej: Szko\u0142a);<\/p>\n\n\n\n<p>2) rejestracja na egzamin odbywa si\u0119 poprzez formularz znajduj\u0105cy si\u0119 na stronie:\u00a0<a href=\"http:\/\/polish.wnh.uksw.edu.pl\/certyfikacjaformularz\">http:\/\/polish.wnh.uksw.edu.pl\/certyfikacjaformularz<\/a>\u00a0lub system IRK &#8211; aktualna informacja o sposobie rejestracji znajduje si\u0119 na stronie\u00a0<a href=\"https:\/\/polish.wnh.uksw.edu.pl\/polskicertyfikat;\">https:\/\/polish.wnh.uksw.edu.pl\/polskicertyfikat;<\/a><\/p>\n\n\n\n<p>3) uczestnicy egzaminu przyjmowani s\u0105 na list\u0119 zdaj\u0105cych wed\u0142ug kolejno\u015bci zg\u0142osze\u0144 do wyczerpania limitu miejsc;<\/p>\n\n\n\n<p>4) Szko\u0142a mo\u017ce odwo\u0142a\u0107 egzamin z przyczyn organizacyjnych. W takim przypadku, zdaj\u0105cy otrzyma zwrot wp\u0142aconej kwoty na podany przez niego numer konta;<\/p>\n\n\n\n<p>5) Szko\u0142a informuje zdaj\u0105cych o wynikach egzaminu za po\u015brednictwem wiadomo\u015bci elektronicznej e-mail;<\/p>\n\n\n\n<p>6) zdaj\u0105cy, kt\u00f3ry zrezygnuje z udzia\u0142u w egzaminie po potwierdzeniu zapisania na list\u0119 zdaj\u0105cych, mo\u017ce ubiega\u0107 si\u0119 o zwrot op\u0142aty egzaminacyjnej, ale jedynie pod warunkiem przes\u0142ania w terminie do 30 dni przed dat\u0105 egzaminu pisemnego wniosku o jej zwrot;<\/p>\n\n\n\n<p>7) Szko\u0142a nie zwraca kwoty wp\u0142aconej z tytu\u0142u uczestnictwa w egzaminie, w przypadku rezygnacji z przyst\u0105pienia do egzaminu, przes\u0142anej w terminie kr\u00f3tszym ni\u017c 30 dni przed dniem rozpocz\u0119cia egzaminu;<\/p>\n\n\n\n<p>8) uiszczenie op\u0142aty za egzamin oznacza akceptacj\u0119 niniejszego Regulaminu.<\/p>\n\n\n\n<p><strong>\u00a7 4 Warunki przyst\u0105pienia do egzaminu:<\/strong><\/p>\n\n\n\n<p>1) po otrzymaniu potwierdzenia przyj\u0119cia na egzamin uczestnicy wnosz\u0105 op\u0142at\u0119 za egzamin i przesy\u0142aj\u0105 potwierdzenie przelewu na mail podany na stronie&nbsp;<a href=\"http:\/\/www.polish.wnh.uksw.edu.pl\/\">www.polish.wnh.uksw.edu.pl\/<\/a>&nbsp;w terminie do 3 dni po otrzymaniu informacji o przyj\u0119ciu na list\u0119 zdaj\u0105cych;<\/p>\n\n\n\n<p>2) op\u0142ata za egzamin musi by\u0107 dokonana przelewem bankowym na konto podane na stronie:&nbsp;<a href=\"http:\/\/polish.wnh.uksw.edu.pl\/certyfikatoplaty.;\">http:\/\/polish.wnh.uksw.edu.pl\/certyfikatoplaty.;<\/a><\/p>\n\n\n\n<p>3) je\u015bli op\u0142ata nie zostanie uiszczona w ww. terminie, dana osoba zostanie skre\u015blona z listy zdaj\u0105cych;<\/p>\n\n\n\n<p>4) brak informacji o przyj\u0119ciu na egzamin do 5 dni po zamkni\u0119ciu rejestracji (odpowiednia informacja o zamkni\u0119ciu rejestracji zostanie umieszczona na stronie&nbsp;<a href=\"http:\/\/polish.wnh.uksw.edu.pl\/certyfikacjaformularz\">http:\/\/polish.wnh.uksw.edu.pl\/certyfikacjaformularz<\/a>) oznacza, i\u017c dana osoba nie zosta\u0142a zapisana na egzamin w danej sesji.<\/p>\n\n\n\n<p>\u00a7&nbsp;<strong>5 Zasady organizacyjne obowi\u0105zuj\u0105ce w procedurze przeprowadzania egzaminu:<\/strong><\/p>\n\n\n\n<p>1) wszyscy zdaj\u0105cy egzamin powinni stawi\u0107 si\u0119 30 minut przed rozpocz\u0119ciem egzaminu;<\/p>\n\n\n\n<p>2) zdaj\u0105cy s\u0105 wpuszczani na sal\u0119 egzaminacyjn\u0105 po okazaniu dowodu to\u017csamo\u015bci, wyszczeg\u00f3lnionego podczas rejestracji;<\/p>\n\n\n\n<p>3) egzamin trwa dwa dni. Obecno\u015b\u0107 podczas pierwszego i drugiego dnia egzaminu jest obowi\u0105zkowa;<\/p>\n\n\n\n<p>4) przed rozpocz\u0119ciem egzaminu cz\u0142onkowie komisji egzaminacyjnej informuj\u0105 uczestnik\u00f3w o zasadach dotycz\u0105cych korzystania z urz\u0105dze\u0144 elektronicznych, z dodatkowych pomocy i sposobu komunikowania si\u0119 z innymi zdaj\u0105cymi;<\/p>\n\n\n\n<p>5) na sal\u0119, w kt\u00f3rej odbywa si\u0119 egzamin, nie wolno wnosi\u0107 urz\u0105dze\u0144 elektronicznych;<\/p>\n\n\n\n<p>6) je\u017celi w trakcie egzaminu cz\u0142onek komisji egzaminacyjnej stwierdzi, \u017ce zdaj\u0105cy korzysta z urz\u0105dze\u0144 elektronicznych, dodatkowych materia\u0142\u00f3w lub komunikuje si\u0119 w niedozwolony spos\u00f3b z innymi zdaj\u0105cymi, ko\u0144czy on w trybie natychmiastowym zdawanie egzaminu z ocen\u0105 niedostateczn\u0105. Op\u0142ata za egzamin nie zostanie zwr\u00f3cona.<\/p>\n\n\n\n<p><strong>\u00a7 6 Zasady organizacyjne dla os\u00f3b ze szczeg\u00f3lnymi potrzebami zdrowotnymi zdaj\u0105cych egzamin:<\/strong><\/p>\n\n\n\n<p>1) zdaj\u0105cy, kt\u00f3rzy wymagaj\u0105 dostosowania warunk\u00f3w lub formy przeprowadzenia egzaminu ze wzgl\u0119du na specjalne potrzeby zdrowotne, informuj\u0105 o tym Szko\u0142\u0119 (e-mailem), nie p\u00f3\u017aniej ni\u017c miesi\u0105c przed dat\u0105 rozpocz\u0119cia egzaminu. Zg\u0142aszane wymagania musz\u0105 by\u0107 udokumentowane odpowiednimi za\u015bwiadczeniami lekarskimi wraz z ich t\u0142umaczeniami na j\u0119zyk polski przez t\u0142umaczy przysi\u0119g\u0142ych (akceptuje si\u0119 scany przesy\u0142ane mailem);<\/p>\n\n\n\n<p>2) informacje na temat procedur egzaminacyjnych dla zdaj\u0105cych o specjalnych potrzebach znajduj\u0105 si\u0119 na stronie:&nbsp;https:\/\/certyfikatpolski.pl\/o-egzaminie\/kandydaci-o-specjalnych-potrzebach\/&nbsp;<\/p>\n\n\n\n<p>3) zdaj\u0105cy, o kt\u00f3rych mowa w pkt. 1), otrzymaj\u0105 potwierdzenie o terminie, godzinie i miejscu przeprowadzenia egzaminu, za po\u015brednictwem poczty elektronicznej najp\u00f3\u017aniej 5 dni przed dat\u0105 rozpocz\u0119cia egzaminu.<\/p>\n\n\n\n<p><strong>\u00a7 7 Zasady wydawania certyfikat\u00f3w:<\/strong><\/p>\n\n\n\n<p>1) zdaj\u0105cy ponosi pe\u0142n\u0105 odpowiedzialno\u015b\u0107 za prawdziwo\u015b\u0107 danych podanych w formularzu zg\u0142oszenia, kt\u00f3re stanowi\u0105 podstaw\u0119 do wystawienia certyfikatu w przypadku zako\u0144czenia egzaminu wynikiem pozytywnym;<\/p>\n\n\n\n<p>2) op\u0142at\u0119 za certyfikat nale\u017cy ui\u015bci\u0107 w ci\u0105gu 5 dni od otrzymania informacji o pozytywnym wyniku egzaminu.<\/p>\n\n\n\n<p>\u00a7 8 W procedurze przeprowadzania egzaminu maj\u0105 zastosowanie normy zwarte w Ustawie o j\u0119zyku polskim z dnia 12 czerwca 2015 r. oraz w Rozporz\u0105dzeniu Ministra Nauki i Szkolnictwa Wy\u017cszego z dnia 26 lutego 2016 r. w sprawie egzamin\u00f3w z j\u0119zyka polskiego jako obcego.<\/p>\n","protected":false},"excerpt":{"rendered":"<p>Regulamin pa\u0144stwowego egzaminu z j\u0119zyka polskiego jako obcego na UKSW w Warszawie Zarz\u0105dzenie numer 8\/ 2021 Dziekana Wydzia\u0142u Nauk Humanistycznych UKSW z dnia 21.10.2021 roku w sprawie ustalenia Regulaminu przeprowadzania pa\u0144stwowego egzaminu z j\u0119zyka polskiego jako j\u0119zyka obcego przez Zak\u0142ad Szko\u0142a J\u0119zyka i Kultury Polskiej dla Cudzoziemc\u00f3w na Wydziale Nauk Humanistycznych UKSW w Warszawie. \u00a7 [&hellip;]<\/p>\n","protected":false},"author":3,"featured_media":0,"parent":3243,"menu_order":0,"comment_status":"closed","ping_status":"closed","template":"page-templates\/template-sub-page.php","meta":{"_acf_changed":false,"inline_featured_image":false,"footnotes":"","_links_to":"","_links_to_target":""},"class_list":["post-3248","page","type-page","status-publish","hentry"],"acf":[],"_links":{"self":[{"href":"https:\/\/jednostki.uksw.edu.pl\/polishwnh\/wp-json\/wp\/v2\/pages\/3248","targetHints":{"allow":["GET"]}}],"collection":[{"href":"https:\/\/jednostki.uksw.edu.pl\/polishwnh\/wp-json\/wp\/v2\/pages"}],"about":[{"href":"https:\/\/jednostki.uksw.edu.pl\/polishwnh\/wp-json\/wp\/v2\/types\/page"}],"author":[{"embeddable":true,"href":"https:\/\/jednostki.uksw.edu.pl\/polishwnh\/wp-json\/wp\/v2\/users\/3"}],"replies":[{"embeddable":true,"href":"https:\/\/jednostki.uksw.edu.pl\/polishwnh\/wp-json\/wp\/v2\/comments?post=3248"}],"version-history":[{"count":2,"href":"https:\/\/jednostki.uksw.edu.pl\/polishwnh\/wp-json\/wp\/v2\/pages\/3248\/revisions"}],"predecessor-version":[{"id":3285,"href":"https:\/\/jednostki.uksw.edu.pl\/polishwnh\/wp-json\/wp\/v2\/pages\/3248\/revisions\/3285"}],"up":[{"embeddable":true,"href":"https:\/\/jednostki.uksw.edu.pl\/polishwnh\/wp-json\/wp\/v2\/pages\/3243"}],"wp:attachment":[{"href":"https:\/\/jednostki.uksw.edu.pl\/polishwnh\/wp-json\/wp\/v2\/media?parent=3248"}],"curies":[{"name":"wp","href":"https:\/\/api.w.org\/{rel}","templated":true}]}}