{"id":3247,"date":"2024-07-25T14:08:41","date_gmt":"2024-07-25T12:08:41","guid":{"rendered":"https:\/\/jednostki.uksw.edu.pl\/polishwnh\/?page_id=3247"},"modified":"2025-01-30T19:21:34","modified_gmt":"2025-01-30T18:21:34","slug":"https-jednostki-uksw-edu-pl-polishwnh-certyfikat-polski","status":"publish","type":"page","link":"https:\/\/jednostki.uksw.edu.pl\/polishwnh\/certyfikat-polski\/https-jednostki-uksw-edu-pl-polishwnh-certyfikat-polski\/","title":{"rendered":"Informacje dla zdaj\u0105cych egzamin certyfikatowy"},"content":{"rendered":"\n<p><\/p>\n\n\n\n<p>Do egzaminu mog\u0105 przyst\u0105pi\u0107&nbsp;<strong>cudzoziemcy i obywatele polscy na sta\u0142e zamieszkali za granic\u0105,<\/strong>&nbsp;niezale\u017cnie od tego, czy, gdzie, jak d\u0142ugo i w jaki spos\u00f3b si\u0119 przygotowywali.&nbsp;<\/p>\n\n\n\n<p>Do egzaminu certyfikatowego z j\u0119zyka polskiego jako obcego&nbsp;<strong>w grupie dostosowanej do potrzeb os\u00f3b doros\u0142ych mog\u0105 przyst\u0105pi\u0107 osoby, kt\u00f3re w dniu egzaminu maj\u0105 uko\u0144czone&nbsp;18 lat.<\/strong><\/p>\n\n\n\n<p>Do egzaminu certyfikatowego z j\u0119zyka polskiego jako obcego&nbsp;<strong>w grupie dostosowanej do potrzeb dzieci i m\u0142odzie\u017cy mog\u0105 przyst\u0105pi\u0107 osoby w wieku 14 \u2013 17 lat.<\/strong><\/p>\n\n\n\n<p><strong>Egzamin trwa 2 dni. Obecno\u015b\u0107 pierwszego i drugiego dnia jest obowi\u0105zkowa.&nbsp;<\/strong><\/p>\n\n\n\n<p><strong>Zdaj\u0105cy maj\u0105 obowi\u0105zek&nbsp;<\/strong>zg\u0142osi\u0107 si\u0119 na egzamin punktualnie, zgodnie z og\u0142oszonym harmonogramem.<\/p>\n\n\n\n<p><strong>Ka\u017cdy zdaj\u0105cy ma obowi\u0105zek&nbsp;<\/strong>mie\u0107 przy sobie paszport, kt\u00f3rego numer zosta\u0142 podany podczas rejestracji.<\/p>\n\n\n\n<p><strong>Zdaj\u0105cy nie mog\u0105 mie\u0107 przy sobie&nbsp;<\/strong>mobilnych urz\u0105dze\u0144 elektronicznych (np. telefon\u00f3w, tablet\u00f3w, smart watch).<\/p>\n\n\n\n<p>Egzamin odbywa si\u0119 w siedzibie Uniwersytetu Kardyna\u0142a Stefana Wyszy\u0144skiego&nbsp;<strong>w Warszawie<\/strong>&nbsp;mieszcz\u0105cej si\u0119 przy ulicy&nbsp;<strong>Dewajtis 5<\/strong>.<\/p>\n\n\n\n<p><strong>Wyniki egzaminu<\/strong><\/p>\n\n\n\n<p>Wyniki egzaminu przekazywane s\u0105 zdaj\u0105cym w formie pisemnej przez o\u015brodki organizuj\u0105ce egzamin (podmioty uprawnione).<\/p>\n\n\n\n<p>Zanim podmiot uprawniony przeka\u017ce ostateczne wyniki egzaminu musz\u0105 by\u0107 dope\u0142nione nast\u0119puj\u0105ce wymogi okre\u015blone w przepisach reguluj\u0105cych po\u015bwiadczanie znajomo\u015bci j\u0119zyka polskiego:<\/p>\n\n\n\n<ol class=\"wp-block-list\">\n<li>Komisja egzaminacyjna ocenia prace egzaminacyjne w miejscu przeprowadzenia egzaminu i ustala wst\u0119pne wyniki.<\/li>\n\n\n\n<li>Komisja egzaminacyjna przekazuje ocenione zestawy egzaminacyjne Pa\u0144stwowej Komisji ds. Po\u015bwiadczania Znajomo\u015bci J\u0119zyka Polskiego jako Obcego (PKdsPZJPjO).<\/li>\n\n\n\n<li>PKdsPZJPjO zleca si\u0119 badanie prawid\u0142owo\u015bci oceny prac egzaminacyjnych, dokonanej przez cz\u0142onk\u00f3w komisji egzaminacyjnej w danym o\u015brodku (co najmniej 20% prac z ka\u017cdego o\u015brodka). Ze wzgl\u0119du na rosn\u0105ce zainteresowanie egzaminem z j\u0119zyka polskiego jako obcego proces mo\u017ce obj\u0105\u0107 nawet kilkaset prac egzaminacyjnych.<\/li>\n\n\n\n<li>Wyniki badania prawid\u0142owo\u015bci oceny prac egzaminacyjnych przekazywane s\u0105 do o\u015brodk\u00f3w.<\/li>\n\n\n\n<li>Przewodnicz\u0105cy komisji egzaminacyjnej ustala ostateczne wyniki egzaminu uwzgl\u0119dniaj\u0105c uwagi wynikaj\u0105ce z badania poprawno\u015bci oceny.<\/li>\n\n\n\n<li>Informacja o wynikach przekazywana jest osobom zdaj\u0105cym przez o\u015brodek egzaminacyjny w terminie 3 dni od momentu otrzymania od przewodnicz\u0105cego komisji egzaminacyjnej protoko\u0142u z ostatecznymi wynikami.<\/li>\n<\/ol>\n\n\n\n<p><strong>Wydawanie certyfikatu<\/strong><\/p>\n\n\n\n<p>Termin oczekiwania na wydanie certyfikatu po\u015bwiadczaj\u0105cego znajomo\u015b\u0107 j\u0119zyka polskiego jako obcego mo\u017ce wynie\u015b\u0107 minimum 8 tygodni od daty egzaminu. Termin ten wynika z procedury, kt\u00f3ra ma na celu rzetelne sprawdzenie prac egzaminacyjnych.<\/p>\n\n\n\n<p>PKdsPZJPjO wydaje certyfikaty po\u015bwiadczaj\u0105ce znajomo\u015b\u0107 j\u0119zyka polskiego jako obcego o\u015brodkom organizuj\u0105cym egzamin. Zanim certyfikat zostanie wydany, o\u015brodek egzaminacyjny zobowi\u0105zany jest do:<\/p>\n\n\n\n<ol class=\"wp-block-list\">\n<li>Przekazania PKdsPZJPjO protoko\u0142u z egzaminu wraz z ostatecznymi wynikami.<\/li>\n\n\n\n<li>Przekazania op\u0142aty za certyfikaty os\u00f3b, kt\u00f3re zda\u0142y egzamin.<\/li>\n<\/ol>\n\n\n\n<p>Certyfikaty wydawane s\u0105 po zaksi\u0119gowaniu op\u0142at, w ustawowym terminie do 30 dni od dnia otrzymania protoko\u0142u z egzaminu wraz z ostatecznymi wynikami.<\/p>\n","protected":false},"excerpt":{"rendered":"<p>Do egzaminu mog\u0105 przyst\u0105pi\u0107&nbsp;cudzoziemcy i obywatele polscy na sta\u0142e zamieszkali za granic\u0105,&nbsp;niezale\u017cnie od tego, czy, gdzie, jak d\u0142ugo i w jaki spos\u00f3b si\u0119 przygotowywali.&nbsp; Do egzaminu certyfikatowego z j\u0119zyka polskiego jako obcego&nbsp;w grupie dostosowanej do potrzeb os\u00f3b doros\u0142ych mog\u0105 przyst\u0105pi\u0107 osoby, kt\u00f3re w dniu egzaminu maj\u0105 uko\u0144czone&nbsp;18 lat. Do egzaminu certyfikatowego z j\u0119zyka polskiego jako [&hellip;]<\/p>\n","protected":false},"author":3,"featured_media":0,"parent":3243,"menu_order":0,"comment_status":"closed","ping_status":"closed","template":"page-templates\/template-sub-page.php","meta":{"_acf_changed":false,"inline_featured_image":false,"footnotes":"","_links_to":"","_links_to_target":""},"class_list":["post-3247","page","type-page","status-publish","hentry"],"acf":[],"_links":{"self":[{"href":"https:\/\/jednostki.uksw.edu.pl\/polishwnh\/wp-json\/wp\/v2\/pages\/3247","targetHints":{"allow":["GET"]}}],"collection":[{"href":"https:\/\/jednostki.uksw.edu.pl\/polishwnh\/wp-json\/wp\/v2\/pages"}],"about":[{"href":"https:\/\/jednostki.uksw.edu.pl\/polishwnh\/wp-json\/wp\/v2\/types\/page"}],"author":[{"embeddable":true,"href":"https:\/\/jednostki.uksw.edu.pl\/polishwnh\/wp-json\/wp\/v2\/users\/3"}],"replies":[{"embeddable":true,"href":"https:\/\/jednostki.uksw.edu.pl\/polishwnh\/wp-json\/wp\/v2\/comments?post=3247"}],"version-history":[{"count":2,"href":"https:\/\/jednostki.uksw.edu.pl\/polishwnh\/wp-json\/wp\/v2\/pages\/3247\/revisions"}],"predecessor-version":[{"id":3276,"href":"https:\/\/jednostki.uksw.edu.pl\/polishwnh\/wp-json\/wp\/v2\/pages\/3247\/revisions\/3276"}],"up":[{"embeddable":true,"href":"https:\/\/jednostki.uksw.edu.pl\/polishwnh\/wp-json\/wp\/v2\/pages\/3243"}],"wp:attachment":[{"href":"https:\/\/jednostki.uksw.edu.pl\/polishwnh\/wp-json\/wp\/v2\/media?parent=3247"}],"curies":[{"name":"wp","href":"https:\/\/api.w.org\/{rel}","templated":true}]}}