{"id":3246,"date":"2024-07-25T14:07:32","date_gmt":"2024-07-25T12:07:32","guid":{"rendered":"https:\/\/jednostki.uksw.edu.pl\/polishwnh\/?page_id=3246"},"modified":"2026-02-06T08:50:06","modified_gmt":"2026-02-06T07:50:06","slug":"https-jednostki-uksw-edu-pl-polishwnh-certyfikat-polski-4","status":"publish","type":"page","link":"https:\/\/jednostki.uksw.edu.pl\/polishwnh\/certyfikat-polski\/https-jednostki-uksw-edu-pl-polishwnh-certyfikat-polski-4\/","title":{"rendered":"Harmonogram sesji egzaminacyjnych 2026"},"content":{"rendered":"\n<h3 class=\"wp-block-heading\"><strong>Warsztaty przygotowawcze zako\u0144czone egzaminem certyfikatowym z j\u0119zyka polskiego jako obcego.<\/strong><\/h3>\n\n\n\n<p>Szko\u0142a J\u0119zyka i Kultury Polskiej dla Cudzoziemc\u00f3w UKSW organizuje w roku 2026 egzaminy certyfikatowe z j\u0119zyka polskiego jako obcego. Przed egzaminem odb\u0119dzie si\u0119 warsztat przygotowawczy online w wymiarze 8 godzin dydaktycznych. Zaliczenie warsztatu nie jest warunkiem przyst\u0105pienia do egzaminu certyfikatowego.\u00a0<\/p>\n\n\n\n<p>W 2026 roku egzaminy z j\u0119zyka polskiego jako obcego odb\u0119d\u0105 si\u0119 w naszym o\u015brodku w nast\u0119puj\u0105cych terminach i na okre\u015blonych poziomach bieg\u0142o\u015bci j\u0119zykowej:<\/p>\n\n\n\n<ul class=\"wp-block-list\">\n<li><strong>25-26 kwietnia 2026 r.<\/strong>\u00a0(sobota \u2013 niedziela) poziom B1, B2 i C1 \u2013 w grupie dostosowanej do potrzeb os\u00f3b doros\u0142ych;<\/li>\n\n\n\n<li><strong>5-6 grudnia 2026 r.<\/strong>\u00a0(sobota-niedziela) poziom B1 \u2013 w grupie dostosowanej do potrzeb os\u00f3b doros\u0142ych.<\/li>\n<\/ul>\n","protected":false},"excerpt":{"rendered":"<p>Warsztaty przygotowawcze zako\u0144czone egzaminem certyfikatowym z j\u0119zyka polskiego jako obcego. Szko\u0142a J\u0119zyka i Kultury Polskiej dla Cudzoziemc\u00f3w UKSW organizuje w roku 2026 egzaminy certyfikatowe z j\u0119zyka polskiego jako obcego. Przed egzaminem odb\u0119dzie si\u0119 warsztat przygotowawczy online w wymiarze 8 godzin dydaktycznych. Zaliczenie warsztatu nie jest warunkiem przyst\u0105pienia do egzaminu certyfikatowego.\u00a0 W 2026 roku egzaminy z [&hellip;]<\/p>\n","protected":false},"author":3,"featured_media":0,"parent":3243,"menu_order":0,"comment_status":"closed","ping_status":"closed","template":"page-templates\/template-sub-page.php","meta":{"_acf_changed":false,"inline_featured_image":false,"footnotes":"","_links_to":"","_links_to_target":""},"class_list":["post-3246","page","type-page","status-publish","hentry"],"acf":[],"_links":{"self":[{"href":"https:\/\/jednostki.uksw.edu.pl\/polishwnh\/wp-json\/wp\/v2\/pages\/3246","targetHints":{"allow":["GET"]}}],"collection":[{"href":"https:\/\/jednostki.uksw.edu.pl\/polishwnh\/wp-json\/wp\/v2\/pages"}],"about":[{"href":"https:\/\/jednostki.uksw.edu.pl\/polishwnh\/wp-json\/wp\/v2\/types\/page"}],"author":[{"embeddable":true,"href":"https:\/\/jednostki.uksw.edu.pl\/polishwnh\/wp-json\/wp\/v2\/users\/3"}],"replies":[{"embeddable":true,"href":"https:\/\/jednostki.uksw.edu.pl\/polishwnh\/wp-json\/wp\/v2\/comments?post=3246"}],"version-history":[{"count":6,"href":"https:\/\/jednostki.uksw.edu.pl\/polishwnh\/wp-json\/wp\/v2\/pages\/3246\/revisions"}],"predecessor-version":[{"id":3381,"href":"https:\/\/jednostki.uksw.edu.pl\/polishwnh\/wp-json\/wp\/v2\/pages\/3246\/revisions\/3381"}],"up":[{"embeddable":true,"href":"https:\/\/jednostki.uksw.edu.pl\/polishwnh\/wp-json\/wp\/v2\/pages\/3243"}],"wp:attachment":[{"href":"https:\/\/jednostki.uksw.edu.pl\/polishwnh\/wp-json\/wp\/v2\/media?parent=3246"}],"curies":[{"name":"wp","href":"https:\/\/api.w.org\/{rel}","templated":true}]}}